{"id":5255,"date":"2024-01-15T13:24:09","date_gmt":"2024-01-15T12:24:09","guid":{"rendered":"https:\/\/villaeuropahotel.it\/?page_id=5255"},"modified":"2026-03-02T17:45:56","modified_gmt":"2026-03-02T16:45:56","slug":"offers","status":"publish","type":"page","link":"https:\/\/villaeuropahotel.it\/fr\/offers\/","title":{"rendered":"Offers"},"content":{"rendered":"<section class=\"l-section wpb_row height_small\"><div class=\"l-section-h i-cf\"><div class=\"g-cols vc_row via_flex valign_top type_default stacking_default\"><div class=\"vc_col-sm-12 wpb_column vc_column_container us_animate_afl\" style=\"animation-delay:0.2s\"><div class=\"vc_column-inner\"><div class=\"wpb_wrapper\"><section class=\"l-section wpb_row height_medium width_full\"><div class=\"l-section-h i-cf\"><div class=\"g-cols vc_row via_flex valign_top type_default stacking_default\"><div class=\"vc_col-sm-1 wpb_column vc_column_container us_animate_afl\" style=\"animation-delay:0.2s\"><div class=\"vc_column-inner\"><div class=\"wpb_wrapper\"><div class=\"w-image bg-ramo-sx align_none\"><div class=\"w-image-h\"><img decoding=\"async\" width=\"180\" height=\"142\" src=\"https:\/\/villaeuropahotel.it\/wp-content\/uploads\/2017\/05\/svg-incollato-180389x142.svg\" class=\"attachment-large size-large\" alt=\"\" loading=\"lazy\" \/><\/div><\/div><\/div><\/div><\/div><div class=\"vc_col-sm-10 wpb_column vc_column_container\"><div class=\"vc_column-inner\"><div class=\"wpb_wrapper\"><div class=\"wpb_text_column\"><div class=\"wpb_wrapper\"><h1 style=\"text-align: center;\">Les Offers direct booking<\/h1>\n<\/div><\/div><div class=\"wpb_text_column us_custom_79005235 titolo-disintermediazione\"><div class=\"wpb_wrapper\"><p style=\"text-align: center;\">DIRECT BOOKING PLUS<\/p>\n<\/div><\/div><div class=\"g-cols wpb_row us_custom_f7edfa18 fascia-disintermediazione via_flex valign_middle type_boxes stacking_default\" style=\"--additional-gap:35px;\"><div class=\"vc_col-sm-6 wpb_column vc_column_container\"><div class=\"vc_column-inner us_custom_268be221\"><div class=\"wpb_wrapper\"><div class=\"w-image us_custom_0964a40b has_height align_center\"><div class=\"w-image-h\"><img decoding=\"async\" width=\"21\" height=\"21\" src=\"https:\/\/villaeuropahotel.it\/wp-content\/uploads\/2025\/01\/check-mark-bianca.svg\" class=\"attachment-full size-full\" alt=\"\" loading=\"lazy\" \/><\/div><\/div><div class=\"wpb_text_column hide_on_mobiles\"><div class=\"wpb_wrapper\"><h3>Inutile de chercher ailleurs&#8230;<br \/>\nTrouvez ici le meilleur tarifs garanti!<\/h3>\n<\/div><\/div><div class=\"wpb_text_column us_custom_06d6d25f has_text_color hide_on_default hide_on_laptops hide_on_tablets\"><div class=\"wpb_wrapper\"><p style=\"text-align: center;\">Inutile de chercher ailleurs&#8230;<br \/>\nTrouvez ici le meilleur tarifs garanti!<\/p>\n<\/div><\/div><\/div><\/div><\/div><div class=\"vc_col-sm-6 wpb_column vc_column_container\"><div class=\"vc_column-inner us_custom_f504307a\"><div class=\"wpb_wrapper\"><h4 class=\"w-text us_custom_96b27ad2 has_text_color\"><span class=\"w-text-h\"><span class=\"w-text-value\">Bonus r\u00e9serv\u00e9s aux r\u00e9servations sur le site officiel<\/span><\/span><\/h4><div class=\"w-separator size_custom\" style=\"height:10px\"><\/div><div class=\"wpb_text_column\"><div class=\"wpb_wrapper\"><ul>\n<li>Welcome drink<\/li>\n<li>Riche buffet de petit-d\u00e9jeuner<\/li>\n<li>Petit buffet de l&rsquo;apr\u00e8s-midi<\/li>\n<li>Parking dans l&rsquo;h\u00f4tel ou autorisation de parking public \u00e0 proximit\u00e9 en fonction de la cat\u00e9gorie de chambre r\u00e9serv\u00e9e<\/li>\n<li>Piscine gratuite<\/li>\n<li>WiFi gratuit<\/li>\n<li>Ascenseur<\/li>\n<\/ul>\n<\/div><\/div><\/div><\/div><\/div><\/div><\/div><\/div><\/div><div class=\"vc_col-sm-1 wpb_column vc_column_container  hide_on_mobiles\"><div class=\"vc_column-inner us_custom_d628d18a us_animate_this\"><div class=\"wpb_wrapper\"><div class=\"w-image bg-ramo-dx-02 align_none\"><div class=\"w-image-h\"><img decoding=\"async\" width=\"217\" height=\"154\" src=\"https:\/\/villaeuropahotel.it\/wp-content\/uploads\/2017\/05\/svg-incollato-217353x154.svg\" class=\"attachment-large size-large\" alt=\"\" loading=\"lazy\" \/><\/div><\/div><\/div><\/div><\/div><\/div><\/div><\/section>\n<\/div><\/div><\/div><\/div><\/div><\/section><section class=\"l-section wpb_row height_auto\"><div class=\"l-section-h i-cf\"><div class=\"g-cols vc_row via_flex valign_middle type_boxes stacking_default\"><div class=\"vc_col-sm-6 wpb_column vc_column_container\"><div class=\"vc_column-inner\"><div class=\"wpb_wrapper\"><div class=\"w-image align_right\"><div class=\"w-image-h\"><img decoding=\"async\" width=\"600\" height=\"400\" src=\"https:\/\/villaeuropahotel.it\/wp-content\/uploads\/2026\/01\/Suite_02-600x400.jpg\" class=\"attachment-us_600_400_crop size-us_600_400_crop\" alt=\"\" loading=\"lazy\" \/><\/div><\/div><\/div><\/div><\/div><div class=\"vc_col-sm-6 wpb_column vc_column_container\"><div class=\"vc_column-inner\"><div class=\"wpb_wrapper\"><div class=\"g-cols wpb_row blocco-bianco-sx via_flex valign_middle type_default stacking_default\"><div class=\"vc_col-sm-12 wpb_column vc_column_container\"><div class=\"vc_column-inner\"><div class=\"wpb_wrapper\"><div class=\"wpb_text_column\"><div class=\"wpb_wrapper\"><h1 style=\"text-align: center;\">Offre de Printemps sur le lac de Garde<\/h1>\n<\/div><\/div><div class=\"w-separator size_small with_line width_30 thick_1 style_solid color_border align_center\"><div class=\"w-separator-h\"><\/div><\/div><div class=\"wpb_text_column us_custom_df5f4c97 has_text_color\"><div class=\"wpb_wrapper\"><h3 style=\"text-align: center;\">du 17 au 29 avril<br \/>\net<br \/>\ndu 05 au 13 mai<\/h3>\n<\/div><\/div><div class=\"wpb_text_column\"><div class=\"wpb_wrapper\"><h1 style=\"text-align: center;\">r\u00e9duction &#8211; 10 %<\/h1>\n<\/div><\/div><div class=\"w-btn-wrapper align_center\"><a class=\"w-btn us-btn-style_5 us_custom_eb849559\" target=\"_blank\" href=\"https:\/\/www.simplebooking.it\/ibe\/hotelbooking\/search?hid=5026&amp;lang=FR&amp;_gl=1*1bk5b5k*_ga*MTgxNTQ3MjY0Ni4xNjk5MjYxNTcw*_ga_53KJ9K3J1P*MTczODA4NTI5OC41LjEuMTczODA4NTc0Ny4wLjAuMA..#q&amp;guests=A,A&amp;in=2025-4-22&amp;out=2025-4-24&amp;coupon=\"><span class=\"w-btn-label\">Voir l&rsquo;offre<\/span><\/a><\/div><\/div><\/div><\/div><\/div><\/div><\/div><\/div><\/div><\/div><\/section><section class=\"l-section wpb_row us_custom_ecd8d88d height_auto\"><div class=\"l-section-h i-cf\"><div class=\"g-cols vc_row via_flex valign_middle type_boxes stacking_default\"><div class=\"vc_col-sm-6 wpb_column vc_column_container\"><div class=\"vc_column-inner\"><div class=\"wpb_wrapper\"><div class=\"w-image align_right\"><div class=\"w-image-h\"><img decoding=\"async\" width=\"600\" height=\"400\" src=\"https:\/\/villaeuropahotel.it\/wp-content\/uploads\/2026\/01\/agrumi-ok.jpg\" class=\"attachment-us_600_400_crop size-us_600_400_crop\" alt=\"\" loading=\"lazy\" srcset=\"https:\/\/villaeuropahotel.it\/wp-content\/uploads\/2026\/01\/agrumi-ok.jpg 600w, https:\/\/villaeuropahotel.it\/wp-content\/uploads\/2026\/01\/agrumi-ok-300x200.jpg 300w\" sizes=\"auto, (max-width: 600px) 100vw, 600px\" \/><\/div><\/div><\/div><\/div><\/div><div class=\"vc_col-sm-6 wpb_column vc_column_container\"><div class=\"vc_column-inner\"><div class=\"wpb_wrapper\"><div class=\"g-cols wpb_row blocco-bianco-sx via_flex valign_middle type_default stacking_default\"><div class=\"vc_col-sm-12 wpb_column vc_column_container\"><div class=\"vc_column-inner\"><div class=\"wpb_wrapper\"><div class=\"wpb_text_column\"><div class=\"wpb_wrapper\"><h1 style=\"text-align: center;\">\u00ab\u00a0Giardini d&rsquo;agrumi\u00a0\u00bb<\/h1>\n<\/div><\/div><div class=\"w-separator size_small with_line width_30 thick_1 style_solid color_border align_center\"><div class=\"w-separator-h\"><\/div><\/div><div class=\"wpb_text_column us_custom_df5f4c97 has_text_color\"><div class=\"wpb_wrapper\"><h3 style=\"text-align: center;\">18 et 19 avril 2026<\/h3>\n<\/div><\/div><div class=\"wpb_text_column us_custom_df5f4c97 has_text_color\"><div class=\"wpb_wrapper\"><p style=\"text-align: center;\">Manifestation consacr\u00e9e \u00e0 la red\u00e9couverte<br \/>\net \u00e0 la valorisation des agrumes et des citronniers de Gargnano<\/p>\n<\/div><\/div><div class=\"wpb_text_column\"><div class=\"wpb_wrapper\"><h1 style=\"text-align: center;\">r\u00e9duction &#8211; 10 %<\/h1>\n<\/div><\/div><div class=\"w-btn-wrapper align_center\"><a class=\"w-btn us-btn-style_5 us_custom_eb849559\" target=\"_blank\" href=\"https:\/\/www.simplebooking.it\/ibe\/hotelbooking\/search?hid=5026&amp;lang=FR&amp;_gl=1*1bk5b5k*_ga*MTgxNTQ3MjY0Ni4xNjk5MjYxNTcw*_ga_53KJ9K3J1P*MTczODA4NTI5OC41LjEuMTczODA4NTc0Ny4wLjAuMA..#q&amp;guests=A,A&amp;in=2025-4-22&amp;out=2025-4-24&amp;coupon=\"><span class=\"w-btn-label\">Voir l&rsquo;offre<\/span><\/a><\/div><\/div><\/div><\/div><\/div><\/div><\/div><\/div><\/div><\/div><\/section><section class=\"l-section wpb_row prefooter height_medium\"><div class=\"l-section-h i-cf\"><div class=\"g-cols vc_row via_flex valign_top type_boxes stacking_default\" style=\"--additional-gap:10px;\"><div class=\"vc_col-sm-12 wpb_column vc_column_container\"><div class=\"vc_column-inner\"><div class=\"wpb_wrapper\"><div class=\"w-content-carousel items_4\"><div class=\"owl-carousel valign_bottom dotstyle_smudge navstyle_circle arrows-ver-pos_middle arrows-hor-pos_on_sides_outside arrows-disabled_hide owl-responsive-2000 with_dots\" style=\"--items-gap:30px;--transition-duration:850ms;\" onclick=\"return {&quot;aria_labels&quot;:{&quot;prev&quot;:&quot;Pr\\u00e9c\\u00e9dent&quot;,&quot;next&quot;:&quot;Suivant&quot;},&quot;autoplayContinual&quot;:false,&quot;autoplayHoverPause&quot;:false,&quot;autoplayTimeout&quot;:3000,&quot;autoWidth&quot;:false,&quot;smartSpeed&quot;:850,&quot;margin&quot;:30,&quot;mouseDrag&quot;:true,&quot;rtl&quot;:false,&quot;slideBy&quot;:&quot;1&quot;,&quot;touchDrag&quot;:true,&quot;slideTransition&quot;:&quot;&quot;,&quot;responsive&quot;:{&quot;0&quot;:{&quot;autoHeight&quot;:false,&quot;autoplay&quot;:false,&quot;autoWidth&quot;:false,&quot;center&quot;:false,&quot;dots&quot;:true,&quot;items&quot;:1,&quot;loop&quot;:false,&quot;nav&quot;:false,&quot;stagePadding&quot;:0,&quot;slideBy&quot;:&quot;1&quot;},&quot;601&quot;:{&quot;autoHeight&quot;:false,&quot;autoplay&quot;:false,&quot;autoWidth&quot;:false,&quot;center&quot;:false,&quot;dots&quot;:true,&quot;items&quot;:4,&quot;loop&quot;:false,&quot;nav&quot;:false,&quot;stagePadding&quot;:0}}}\"><div class=\"w-ibanner animation_phorcys ratio_1x1 easing_ease\"><a href=\"https:\/\/villaeuropahotel.it\/fr\/piscine\/\" aria-label=\"La piscine&#8230; \u00e0 quelques pas de l&rsquo;h\u00f4tel\"><\/a><div class=\"w-ibanner-h\"><div class=\"w-ibanner-image\" style=\"background-image: url(https:\/\/villaeuropahotel.it\/wp-content\/uploads\/2024\/01\/1N3A1501-1024x683.jpg)\"><\/div><div class=\"w-ibanner-content\"><div class=\"w-ibanner-content-h\"><h5 class=\"w-ibanner-title\">La piscine&#8230; \u00e0 quelques pas de l&rsquo;h\u00f4tel<\/h5><div class=\"w-ibanner-desc\"><\/div><\/div><\/div><\/div><\/div><div class=\"w-ibanner animation_phorcys ratio_1x1 easing_ease\"><a href=\"https:\/\/villaeuropahotel.it\/fr\/chambres\/\" aria-label=\"Panorama-room &amp; Suite\"><\/a><div class=\"w-ibanner-h\"><div class=\"w-ibanner-image\" style=\"background-image: url(https:\/\/villaeuropahotel.it\/wp-content\/uploads\/2019\/08\/IMG_8614_5_6_7_8pm-683x1024.jpg)\"><\/div><div class=\"w-ibanner-content\"><div class=\"w-ibanner-content-h\"><h5 class=\"w-ibanner-title\">Panorama-room &amp; Suite<\/h5><div class=\"w-ibanner-desc\"><\/div><\/div><\/div><\/div><\/div><div class=\"w-ibanner animation_phorcys ratio_1x1 easing_ease\"><a href=\"https:\/\/villaeuropahotel.it\/fr\/hotels-vue-du-lac-gargnano\/\" aria-label=\"Vue sur le lac\"><\/a><div class=\"w-ibanner-h\"><div class=\"w-ibanner-image\" style=\"background-image: url(https:\/\/villaeuropahotel.it\/wp-content\/uploads\/2018\/07\/IMG_7669-1024x683.jpg)\"><\/div><div class=\"w-ibanner-content\"><div class=\"w-ibanner-content-h\"><h5 class=\"w-ibanner-title\">Vue sur le lac<\/h5><div class=\"w-ibanner-desc\"><\/div><\/div><\/div><\/div><\/div><div class=\"w-ibanner animation_phorcys ratio_1x1 easing_ease\"><a href=\"https:\/\/villaeuropahotel.it\/fr\/excursions\/\" aria-label=\"Excursions\"><\/a><div class=\"w-ibanner-h\"><div class=\"w-ibanner-image\" style=\"background-image: url(https:\/\/villaeuropahotel.it\/wp-content\/uploads\/2024\/03\/foto-escursione-1024x771.jpg)\"><\/div><div class=\"w-ibanner-content\"><div class=\"w-ibanner-content-h\"><h5 class=\"w-ibanner-title\">Excursions<\/h5><div class=\"w-ibanner-desc\"><\/div><\/div><\/div><\/div><\/div><\/div><\/div><\/div><\/div><\/div><\/div><\/div><\/section><section class=\"l-section wpb_row hide_on_mobiles height_auto\"><div class=\"l-section-h i-cf\"><div class=\"g-cols vc_row via_flex valign_top type_boxes stacking_default\" style=\"--additional-gap:10px;\"><div class=\"vc_col-sm-12 wpb_column vc_column_container\"><div class=\"vc_column-inner\"><div class=\"wpb_wrapper\"><div class=\"w-hwrapper valign_middle align_center\"><div class=\"w-image us_custom_10625000 align_right\"><a href=\"https:\/\/villaeuropahotel.it\/fr\/cheques-cadeaux\/\" aria-label=\"Group 12\" class=\"w-image-h\"><img decoding=\"async\" width=\"380\" height=\"380\" src=\"https:\/\/villaeuropahotel.it\/wp-content\/uploads\/2025\/05\/Group-12.png\" class=\"attachment-large size-large\" alt=\"\" loading=\"lazy\" srcset=\"https:\/\/villaeuropahotel.it\/wp-content\/uploads\/2025\/05\/Group-12.png 380w, https:\/\/villaeuropahotel.it\/wp-content\/uploads\/2025\/05\/Group-12-300x300.png 300w, https:\/\/villaeuropahotel.it\/wp-content\/uploads\/2025\/05\/Group-12-150x150.png 150w, https:\/\/villaeuropahotel.it\/wp-content\/uploads\/2025\/05\/Group-12-350x350.png 350w\" sizes=\"auto, (max-width: 380px) 100vw, 380px\" \/><\/a><\/div><h1 class=\"w-text us_custom_47680785\"><span class=\"w-text-h\"><span class=\"w-text-value\">Demandez votre bon cadeau<\/span><\/span><\/h1><\/div><\/div><\/div><\/div><\/div><\/div><\/section><section class=\"l-section wpb_row hide_on_default hide_on_laptops hide_on_tablets height_auto\"><div class=\"l-section-h i-cf\"><div class=\"g-cols vc_row via_flex valign_top type_boxes stacking_default\" style=\"--additional-gap:10px;\"><div class=\"vc_col-sm-12 wpb_column vc_column_container\"><div class=\"vc_column-inner\"><div class=\"wpb_wrapper\"><div class=\"w-image us_custom_2f8e9274 align_center\"><a href=\"https:\/\/villaeuropahotel.it\/fr\/cheques-cadeaux\/\" aria-label=\"Group 12\" class=\"w-image-h\"><img decoding=\"async\" width=\"300\" height=\"300\" src=\"https:\/\/villaeuropahotel.it\/wp-content\/uploads\/2025\/05\/Group-12-300x300.png\" class=\"attachment-medium size-medium\" alt=\"\" loading=\"lazy\" srcset=\"https:\/\/villaeuropahotel.it\/wp-content\/uploads\/2025\/05\/Group-12-300x300.png 300w, https:\/\/villaeuropahotel.it\/wp-content\/uploads\/2025\/05\/Group-12-150x150.png 150w, https:\/\/villaeuropahotel.it\/wp-content\/uploads\/2025\/05\/Group-12-350x350.png 350w, https:\/\/villaeuropahotel.it\/wp-content\/uploads\/2025\/05\/Group-12.png 380w\" sizes=\"auto, (max-width: 300px) 100vw, 300px\" \/><\/a><\/div><div class=\"w-btn-wrapper align_center\"><a class=\"w-btn us-btn-style_5 us_custom_63486b51\" href=\"https:\/\/villaeuropahotel.it\/fr\/cheques-cadeaux\/\"><span class=\"w-btn-label\">DEMANDEZ VOTRE BON CADEAU<\/span><\/a><\/div><div class=\"w-separator size_huge\"><\/div><\/div><\/div><\/div><\/div><\/div><\/section>\n","protected":false},"excerpt":{"rendered":"Les Offers direct booking DIRECT BOOKING PLUS Inutile de chercher ailleurs&#8230; Trouvez ici le meilleur tarifs garanti! Inutile de chercher ailleurs&#8230; Trouvez ici le meilleur tarifs garanti! Bonus r\u00e9serv\u00e9s aux r\u00e9servations sur le site officiel Welcome drink Riche buffet de petit-d\u00e9jeuner Petit buffet de l&rsquo;apr\u00e8s-midi Parking dans l&rsquo;h\u00f4tel ou autorisation de parking public \u00e0 proximit\u00e9...","protected":false},"author":4,"featured_media":0,"parent":0,"menu_order":0,"comment_status":"closed","ping_status":"closed","template":"","meta":{"inline_featured_image":false,"footnotes":""},"class_list":["post-5255","page","type-page","status-publish","hentry"],"yoast_head":"<!-- This site is optimized with the Yoast SEO plugin v27.4 - https:\/\/yoast.com\/product\/yoast-seo-wordpress\/ -->\n<title>Offers - Hotel Villa Europa<\/title>\n<meta name=\"robots\" content=\"index, follow, max-snippet:-1, max-image-preview:large, max-video-preview:-1\" \/>\n<link rel=\"canonical\" href=\"https:\/\/villaeuropahotel.it\/fr\/offers\/\" \/>\n<meta property=\"og:locale\" content=\"fr_FR\" \/>\n<meta property=\"og:type\" content=\"article\" \/>\n<meta property=\"og:title\" content=\"Offers - Hotel Villa Europa\" \/>\n<meta property=\"og:url\" content=\"https:\/\/villaeuropahotel.it\/fr\/offers\/\" \/>\n<meta property=\"og:site_name\" content=\"Hotel Villa Europa\" \/>\n<meta property=\"article:publisher\" content=\"https:\/\/www.facebook.com\/frassinehotels\/?fref=ts\" \/>\n<meta property=\"article:modified_time\" content=\"2026-03-02T16:45:56+00:00\" \/>\n<meta name=\"twitter:card\" content=\"summary_large_image\" \/>\n<meta name=\"twitter:label1\" content=\"Dur\u00e9e de lecture estim\u00e9e\" \/>\n\t<meta name=\"twitter:data1\" content=\"2 minutes\" \/>\n<script type=\"application\/ld+json\" class=\"yoast-schema-graph\">{\"@context\":\"https:\\\/\\\/schema.org\",\"@graph\":[{\"@type\":\"WebPage\",\"@id\":\"https:\\\/\\\/villaeuropahotel.it\\\/fr\\\/offers\\\/\",\"url\":\"https:\\\/\\\/villaeuropahotel.it\\\/fr\\\/offers\\\/\",\"name\":\"Offers - Hotel Villa Europa\",\"isPartOf\":{\"@id\":\"https:\\\/\\\/villaeuropahotel.it\\\/#website\"},\"datePublished\":\"2024-01-15T12:24:09+00:00\",\"dateModified\":\"2026-03-02T16:45:56+00:00\",\"breadcrumb\":{\"@id\":\"https:\\\/\\\/villaeuropahotel.it\\\/fr\\\/offers\\\/#breadcrumb\"},\"inLanguage\":\"fr-FR\",\"potentialAction\":[{\"@type\":\"ReadAction\",\"target\":[\"https:\\\/\\\/villaeuropahotel.it\\\/fr\\\/offers\\\/\"]}]},{\"@type\":\"BreadcrumbList\",\"@id\":\"https:\\\/\\\/villaeuropahotel.it\\\/fr\\\/offers\\\/#breadcrumb\",\"itemListElement\":[{\"@type\":\"ListItem\",\"position\":1,\"name\":\"Home\",\"item\":\"https:\\\/\\\/villaeuropahotel.it\\\/fr\\\/\"},{\"@type\":\"ListItem\",\"position\":2,\"name\":\"Offers\"}]},{\"@type\":\"WebSite\",\"@id\":\"https:\\\/\\\/villaeuropahotel.it\\\/#website\",\"url\":\"https:\\\/\\\/villaeuropahotel.it\\\/\",\"name\":\"Hotel Villa Europa\",\"description\":\"Hotel Villa Europa Gargnano\",\"publisher\":{\"@id\":\"https:\\\/\\\/villaeuropahotel.it\\\/#organization\"},\"potentialAction\":[{\"@type\":\"SearchAction\",\"target\":{\"@type\":\"EntryPoint\",\"urlTemplate\":\"https:\\\/\\\/villaeuropahotel.it\\\/?s={search_term_string}\"},\"query-input\":{\"@type\":\"PropertyValueSpecification\",\"valueRequired\":true,\"valueName\":\"search_term_string\"}}],\"inLanguage\":\"fr-FR\"},{\"@type\":\"Organization\",\"@id\":\"https:\\\/\\\/villaeuropahotel.it\\\/#organization\",\"name\":\"Hotel Villa Europa Gargnano\",\"url\":\"https:\\\/\\\/villaeuropahotel.it\\\/\",\"logo\":{\"@type\":\"ImageObject\",\"inLanguage\":\"fr-FR\",\"@id\":\"https:\\\/\\\/villaeuropahotel.it\\\/#\\\/schema\\\/logo\\\/image\\\/\",\"url\":\"https:\\\/\\\/villaeuropahotel.it\\\/wp-content\\\/uploads\\\/2017\\\/05\\\/logovillaeuropa.svg\",\"contentUrl\":\"https:\\\/\\\/villaeuropahotel.it\\\/wp-content\\\/uploads\\\/2017\\\/05\\\/logovillaeuropa.svg\",\"width\":400,\"height\":99,\"caption\":\"Hotel Villa Europa Gargnano\"},\"image\":{\"@id\":\"https:\\\/\\\/villaeuropahotel.it\\\/#\\\/schema\\\/logo\\\/image\\\/\"},\"sameAs\":[\"https:\\\/\\\/www.facebook.com\\\/frassinehotels\\\/?fref=ts\",\"https:\\\/\\\/www.instagram.com\\\/explore\\\/locations\\\/364848774\\\/hotel-villa-europa-resort-fondo-la-campagnola\\\/\",\"https:\\\/\\\/www.youtube.com\\\/watch?v=Hx3xOh1_JSY\"]}]}<\/script>\n<!-- \/ Yoast SEO plugin. -->","yoast_head_json":{"title":"Offers - Hotel Villa Europa","robots":{"index":"index","follow":"follow","max-snippet":"max-snippet:-1","max-image-preview":"max-image-preview:large","max-video-preview":"max-video-preview:-1"},"canonical":"https:\/\/villaeuropahotel.it\/fr\/offers\/","og_locale":"fr_FR","og_type":"article","og_title":"Offers - Hotel Villa Europa","og_url":"https:\/\/villaeuropahotel.it\/fr\/offers\/","og_site_name":"Hotel Villa Europa","article_publisher":"https:\/\/www.facebook.com\/frassinehotels\/?fref=ts","article_modified_time":"2026-03-02T16:45:56+00:00","twitter_card":"summary_large_image","twitter_misc":{"Dur\u00e9e de lecture estim\u00e9e":"2 minutes"},"schema":{"@context":"https:\/\/schema.org","@graph":[{"@type":"WebPage","@id":"https:\/\/villaeuropahotel.it\/fr\/offers\/","url":"https:\/\/villaeuropahotel.it\/fr\/offers\/","name":"Offers - Hotel Villa Europa","isPartOf":{"@id":"https:\/\/villaeuropahotel.it\/#website"},"datePublished":"2024-01-15T12:24:09+00:00","dateModified":"2026-03-02T16:45:56+00:00","breadcrumb":{"@id":"https:\/\/villaeuropahotel.it\/fr\/offers\/#breadcrumb"},"inLanguage":"fr-FR","potentialAction":[{"@type":"ReadAction","target":["https:\/\/villaeuropahotel.it\/fr\/offers\/"]}]},{"@type":"BreadcrumbList","@id":"https:\/\/villaeuropahotel.it\/fr\/offers\/#breadcrumb","itemListElement":[{"@type":"ListItem","position":1,"name":"Home","item":"https:\/\/villaeuropahotel.it\/fr\/"},{"@type":"ListItem","position":2,"name":"Offers"}]},{"@type":"WebSite","@id":"https:\/\/villaeuropahotel.it\/#website","url":"https:\/\/villaeuropahotel.it\/","name":"Hotel Villa Europa","description":"Hotel Villa Europa Gargnano","publisher":{"@id":"https:\/\/villaeuropahotel.it\/#organization"},"potentialAction":[{"@type":"SearchAction","target":{"@type":"EntryPoint","urlTemplate":"https:\/\/villaeuropahotel.it\/?s={search_term_string}"},"query-input":{"@type":"PropertyValueSpecification","valueRequired":true,"valueName":"search_term_string"}}],"inLanguage":"fr-FR"},{"@type":"Organization","@id":"https:\/\/villaeuropahotel.it\/#organization","name":"Hotel Villa Europa Gargnano","url":"https:\/\/villaeuropahotel.it\/","logo":{"@type":"ImageObject","inLanguage":"fr-FR","@id":"https:\/\/villaeuropahotel.it\/#\/schema\/logo\/image\/","url":"https:\/\/villaeuropahotel.it\/wp-content\/uploads\/2017\/05\/logovillaeuropa.svg","contentUrl":"https:\/\/villaeuropahotel.it\/wp-content\/uploads\/2017\/05\/logovillaeuropa.svg","width":400,"height":99,"caption":"Hotel Villa Europa Gargnano"},"image":{"@id":"https:\/\/villaeuropahotel.it\/#\/schema\/logo\/image\/"},"sameAs":["https:\/\/www.facebook.com\/frassinehotels\/?fref=ts","https:\/\/www.instagram.com\/explore\/locations\/364848774\/hotel-villa-europa-resort-fondo-la-campagnola\/","https:\/\/www.youtube.com\/watch?v=Hx3xOh1_JSY"]}]}},"_links":{"self":[{"href":"https:\/\/villaeuropahotel.it\/fr\/wp-json\/wp\/v2\/pages\/5255","targetHints":{"allow":["GET"]}}],"collection":[{"href":"https:\/\/villaeuropahotel.it\/fr\/wp-json\/wp\/v2\/pages"}],"about":[{"href":"https:\/\/villaeuropahotel.it\/fr\/wp-json\/wp\/v2\/types\/page"}],"author":[{"embeddable":true,"href":"https:\/\/villaeuropahotel.it\/fr\/wp-json\/wp\/v2\/users\/4"}],"replies":[{"embeddable":true,"href":"https:\/\/villaeuropahotel.it\/fr\/wp-json\/wp\/v2\/comments?post=5255"}],"version-history":[{"count":29,"href":"https:\/\/villaeuropahotel.it\/fr\/wp-json\/wp\/v2\/pages\/5255\/revisions"}],"predecessor-version":[{"id":9541,"href":"https:\/\/villaeuropahotel.it\/fr\/wp-json\/wp\/v2\/pages\/5255\/revisions\/9541"}],"wp:attachment":[{"href":"https:\/\/villaeuropahotel.it\/fr\/wp-json\/wp\/v2\/media?parent=5255"}],"curies":[{"name":"wp","href":"https:\/\/api.w.org\/{rel}","templated":true}]}}