{"id":1524,"date":"2017-09-19T17:00:33","date_gmt":"2017-09-19T15:00:33","guid":{"rendered":"http:\/\/villaeuropahotel.it\/?page_id=1524\/"},"modified":"2026-03-02T17:43:55","modified_gmt":"2026-03-02T16:43:55","slug":"angebote","status":"publish","type":"page","link":"https:\/\/villaeuropahotel.it\/de\/angebote\/","title":{"rendered":"Angebote"},"content":{"rendered":"<section class=\"l-section wpb_row height_small\"><div class=\"l-section-h i-cf\"><div class=\"g-cols vc_row via_flex valign_top type_default stacking_default\"><div class=\"vc_col-sm-12 wpb_column vc_column_container us_animate_afl\" style=\"animation-delay:0.2s\"><div class=\"vc_column-inner\"><div class=\"wpb_wrapper\"><section class=\"l-section wpb_row height_medium width_full\"><div class=\"l-section-h i-cf\"><div class=\"g-cols vc_row via_flex valign_top type_default stacking_default\"><div class=\"vc_col-sm-1 wpb_column vc_column_container us_animate_afl\" style=\"animation-delay:0.2s\"><div class=\"vc_column-inner\"><div class=\"wpb_wrapper\"><div class=\"w-image bg-ramo-sx align_none\"><div class=\"w-image-h\"><img decoding=\"async\" width=\"180\" height=\"142\" src=\"https:\/\/villaeuropahotel.it\/wp-content\/uploads\/2017\/05\/svg-incollato-180389x142.svg\" class=\"attachment-large size-large\" alt=\"\" loading=\"lazy\" \/><\/div><\/div><\/div><\/div><\/div><div class=\"vc_col-sm-10 wpb_column vc_column_container\"><div class=\"vc_column-inner\"><div class=\"wpb_wrapper\"><div class=\"wpb_text_column\"><div class=\"wpb_wrapper\"><h1 style=\"text-align: center;\">Direkte buchung Angebote<\/h1>\n<\/div><\/div><div class=\"wpb_text_column us_custom_79005235 titolo-disintermediazione\"><div class=\"wpb_wrapper\"><p style=\"text-align: center;\">DIREKTE BUCHUNG PLUS<\/p>\n<\/div><\/div><div class=\"g-cols wpb_row us_custom_f7edfa18 fascia-disintermediazione via_flex valign_middle type_boxes stacking_default\" style=\"--additional-gap:35px;\"><div class=\"vc_col-sm-6 wpb_column vc_column_container\"><div class=\"vc_column-inner us_custom_268be221\"><div class=\"wpb_wrapper\"><div class=\"w-image us_custom_0964a40b has_height align_center\"><div class=\"w-image-h\"><img decoding=\"async\" width=\"21\" height=\"21\" src=\"https:\/\/villaeuropahotel.it\/wp-content\/uploads\/2025\/01\/check-mark-bianca.svg\" class=\"attachment-full size-full\" alt=\"\" loading=\"lazy\" \/><\/div><\/div><div class=\"wpb_text_column hide_on_mobiles\"><div class=\"wpb_wrapper\"><h3>Unn\u00f6tig woanders zu suchen&#8230;<br \/>\nHier finden Sie den garantiert besten Tarif!<\/h3>\n<\/div><\/div><div class=\"wpb_text_column us_custom_06d6d25f has_text_color hide_on_default hide_on_laptops hide_on_tablets\"><div class=\"wpb_wrapper\"><p style=\"text-align: center;\">Unn\u00f6tig woanders zu suchen&#8230;<br \/>\nHier finden Sie den garantiert besten Tarif!<\/p>\n<\/div><\/div><\/div><\/div><\/div><div class=\"vc_col-sm-6 wpb_column vc_column_container\"><div class=\"vc_column-inner us_custom_f504307a\"><div class=\"wpb_wrapper\"><h4 class=\"w-text us_custom_96b27ad2 has_text_color\"><span class=\"w-text-h\"><span class=\"w-text-value\">Bonus bei Buchung auf der offiziellen Seite<\/span><\/span><\/h4><div class=\"w-separator size_custom\" style=\"height:10px\"><\/div><div class=\"wpb_text_column\"><div class=\"wpb_wrapper\"><ul>\n<li>Welcome drink<\/li>\n<li>Reichhaltiges Fr\u00fchst\u00fccksb\u00fcffet<\/li>\n<li>Kleines Nachmittagsbuffet<\/li>\n<li>Parkpl\u00e4tze vor Ort oder \u00f6ffentlicher Parkausweis in der N\u00e4he, je nach gebuchter Zimmerkategorie<\/li>\n<li>Freier Pool<\/li>\n<li>Kostenloses WiFi<\/li>\n<li>Aufzug<\/li>\n<\/ul>\n<\/div><\/div><\/div><\/div><\/div><\/div><\/div><\/div><\/div><div class=\"vc_col-sm-1 wpb_column vc_column_container  hide_on_mobiles\"><div class=\"vc_column-inner us_custom_d628d18a us_animate_this\"><div class=\"wpb_wrapper\"><div class=\"w-image bg-ramo-dx-02 align_none\"><div class=\"w-image-h\"><img decoding=\"async\" width=\"217\" height=\"154\" src=\"https:\/\/villaeuropahotel.it\/wp-content\/uploads\/2017\/05\/svg-incollato-217353x154.svg\" class=\"attachment-large size-large\" alt=\"\" loading=\"lazy\" \/><\/div><\/div><\/div><\/div><\/div><\/div><\/div><\/section>\n<\/div><\/div><\/div><\/div><\/div><\/section><section class=\"l-section wpb_row height_auto\"><div class=\"l-section-h i-cf\"><div class=\"g-cols vc_row via_flex valign_middle type_boxes stacking_default\"><div class=\"vc_col-sm-6 wpb_column vc_column_container\"><div class=\"vc_column-inner\"><div class=\"wpb_wrapper\"><div class=\"w-image align_right\"><div class=\"w-image-h\"><img decoding=\"async\" width=\"600\" height=\"400\" src=\"https:\/\/villaeuropahotel.it\/wp-content\/uploads\/2026\/01\/Suite_02-600x400.jpg\" class=\"attachment-us_600_400_crop size-us_600_400_crop\" alt=\"\" loading=\"lazy\" \/><\/div><\/div><\/div><\/div><\/div><div class=\"vc_col-sm-6 wpb_column vc_column_container\"><div class=\"vc_column-inner\"><div class=\"wpb_wrapper\"><div class=\"g-cols wpb_row blocco-bianco-sx via_flex valign_middle type_default stacking_default\"><div class=\"vc_col-sm-12 wpb_column vc_column_container\"><div class=\"vc_column-inner\"><div class=\"wpb_wrapper\"><div class=\"wpb_text_column\"><div class=\"wpb_wrapper\"><h1 style=\"text-align: center;\">Fr\u00fchlingsangebot am Gardasee<\/h1>\n<\/div><\/div><div class=\"w-separator size_small with_line width_30 thick_1 style_solid color_border align_center\"><div class=\"w-separator-h\"><\/div><\/div><div class=\"wpb_text_column us_custom_df5f4c97 has_text_color\"><div class=\"wpb_wrapper\"><h3 style=\"text-align: center;\">vom 17. bis zum 29. April<br \/>\nand<br \/>\nvom 05. bis zum 13. Mai<\/h3>\n<\/div><\/div><div class=\"wpb_text_column\"><div class=\"wpb_wrapper\"><h1 style=\"text-align: center;\">Rabatt \u2013 10 %<\/h1>\n<\/div><\/div><div class=\"w-btn-wrapper align_center\"><a class=\"w-btn us-btn-style_5 us_custom_eb849559\" target=\"_blank\" href=\"https:\/\/www.simplebooking.it\/ibe\/hotelbooking\/search?hid=5026&amp;lang=DE&amp;_gl=1*1i0kk4e*_ga*MTgxNTQ3MjY0Ni4xNjk5MjYxNTcw*_ga_53KJ9K3J1P*MTczODA4NTI5OC41LjEuMTczODA4NTU2MC4wLjAuMA..#q&amp;guests=A,A&amp;in=2025-4-22&amp;out=2025-4-24&amp;coupon=\"><span class=\"w-btn-label\">Siehe Angebot<\/span><\/a><\/div><\/div><\/div><\/div><\/div><\/div><\/div><\/div><\/div><\/div><\/section><section class=\"l-section wpb_row us_custom_ecd8d88d height_auto\"><div class=\"l-section-h i-cf\"><div class=\"g-cols vc_row via_flex valign_middle type_boxes stacking_default\"><div class=\"vc_col-sm-6 wpb_column vc_column_container\"><div class=\"vc_column-inner\"><div class=\"wpb_wrapper\"><div class=\"w-image align_right\"><div class=\"w-image-h\"><img decoding=\"async\" width=\"600\" height=\"400\" src=\"https:\/\/villaeuropahotel.it\/wp-content\/uploads\/2026\/01\/agrumi-ok.jpg\" class=\"attachment-us_600_400_crop size-us_600_400_crop\" alt=\"\" loading=\"lazy\" srcset=\"https:\/\/villaeuropahotel.it\/wp-content\/uploads\/2026\/01\/agrumi-ok.jpg 600w, https:\/\/villaeuropahotel.it\/wp-content\/uploads\/2026\/01\/agrumi-ok-300x200.jpg 300w\" sizes=\"auto, (max-width: 600px) 100vw, 600px\" \/><\/div><\/div><\/div><\/div><\/div><div class=\"vc_col-sm-6 wpb_column vc_column_container\"><div class=\"vc_column-inner\"><div class=\"wpb_wrapper\"><div class=\"g-cols wpb_row blocco-bianco-sx via_flex valign_middle type_default stacking_default\"><div class=\"vc_col-sm-12 wpb_column vc_column_container\"><div class=\"vc_column-inner\"><div class=\"wpb_wrapper\"><div class=\"wpb_text_column\"><div class=\"wpb_wrapper\"><h1 style=\"text-align: center;\">&#8222;Giardini d&#8217;agrumi&#8220;<\/h1>\n<\/div><\/div><div class=\"w-separator size_small with_line width_30 thick_1 style_solid color_border align_center\"><div class=\"w-separator-h\"><\/div><\/div><div class=\"wpb_text_column us_custom_df5f4c97 has_text_color\"><div class=\"wpb_wrapper\"><h3 style=\"text-align: center;\">18. und 19. April 2026<\/h3>\n<\/div><\/div><div class=\"wpb_text_column us_custom_df5f4c97 has_text_color\"><div class=\"wpb_wrapper\"><p style=\"text-align: center;\">Eine Veranstaltung zur Wiederentdeckung und<br \/>\nAufwertung der Zitrusfr\u00fcchte und Limonaie (Zitronengew\u00e4chsh\u00e4user) von Gargnano<\/p>\n<\/div><\/div><div class=\"wpb_text_column\"><div class=\"wpb_wrapper\"><h1 style=\"text-align: center;\">Rabatt &#8211; 10%<\/h1>\n<\/div><\/div><div class=\"w-btn-wrapper align_center\"><a class=\"w-btn us-btn-style_5 us_custom_eb849559\" target=\"_blank\" href=\"https:\/\/www.simplebooking.it\/ibe\/hotelbooking\/search?hid=5026&amp;lang=DE&amp;_gl=1*1i0kk4e*_ga*MTgxNTQ3MjY0Ni4xNjk5MjYxNTcw*_ga_53KJ9K3J1P*MTczODA4NTI5OC41LjEuMTczODA4NTU2MC4wLjAuMA..#q&amp;guests=A,A&amp;in=2025-4-22&amp;out=2025-4-24&amp;coupon=\"><span class=\"w-btn-label\">Siehe Angebot<\/span><\/a><\/div><\/div><\/div><\/div><\/div><\/div><\/div><\/div><\/div><\/div><\/section><section class=\"l-section wpb_row prefooter height_medium\"><div class=\"l-section-h i-cf\"><div class=\"g-cols vc_row via_flex valign_top type_boxes stacking_default\" style=\"--additional-gap:10px;\"><div class=\"vc_col-sm-12 wpb_column vc_column_container\"><div class=\"vc_column-inner\"><div class=\"wpb_wrapper\"><div class=\"w-content-carousel items_4\"><div class=\"owl-carousel valign_bottom dotstyle_smudge navstyle_circle arrows-ver-pos_middle arrows-hor-pos_on_sides_outside arrows-disabled_hide owl-responsive-2000 with_dots\" style=\"--items-gap:30px;--transition-duration:850ms;\" onclick=\"return {&quot;aria_labels&quot;:{&quot;prev&quot;:&quot;Zur\\u00fcck&quot;,&quot;next&quot;:&quot;Weiter&quot;},&quot;autoplayContinual&quot;:false,&quot;autoplayHoverPause&quot;:false,&quot;autoplayTimeout&quot;:3000,&quot;autoWidth&quot;:false,&quot;smartSpeed&quot;:850,&quot;margin&quot;:30,&quot;mouseDrag&quot;:true,&quot;rtl&quot;:false,&quot;slideBy&quot;:&quot;1&quot;,&quot;touchDrag&quot;:true,&quot;slideTransition&quot;:&quot;&quot;,&quot;responsive&quot;:{&quot;0&quot;:{&quot;autoHeight&quot;:false,&quot;autoplay&quot;:false,&quot;autoWidth&quot;:false,&quot;center&quot;:false,&quot;dots&quot;:true,&quot;items&quot;:1,&quot;loop&quot;:false,&quot;nav&quot;:false,&quot;stagePadding&quot;:0,&quot;slideBy&quot;:&quot;1&quot;},&quot;601&quot;:{&quot;autoHeight&quot;:false,&quot;autoplay&quot;:false,&quot;autoWidth&quot;:false,&quot;center&quot;:false,&quot;dots&quot;:true,&quot;items&quot;:4,&quot;loop&quot;:false,&quot;nav&quot;:false,&quot;stagePadding&quot;:0}}}\"><div class=\"w-ibanner animation_phorcys ratio_1x1 easing_ease\"><a href=\"https:\/\/villaeuropahotel.it\/de\/schwimmbad\/\" aria-label=\"Das Schwimmbad&#8230; nur ein paar Schritte vom Hotel entfernt\"><\/a><div class=\"w-ibanner-h\"><div class=\"w-ibanner-image\" style=\"background-image: url(https:\/\/villaeuropahotel.it\/wp-content\/uploads\/2024\/01\/1N3A1501-1024x683.jpg)\"><\/div><div class=\"w-ibanner-content\"><div class=\"w-ibanner-content-h\"><h5 class=\"w-ibanner-title\">Das Schwimmbad&#8230; nur ein paar Schritte vom Hotel entfernt<\/h5><div class=\"w-ibanner-desc\"><\/div><\/div><\/div><\/div><\/div><div class=\"w-ibanner animation_phorcys ratio_1x1 easing_ease\"><a href=\"http:\/\/villaeuropahotel.it\/camere\/\" aria-label=\"Panorama-Zimmer &amp; Suiten\"><\/a><div class=\"w-ibanner-h\"><div class=\"w-ibanner-image\" style=\"background-image: url(https:\/\/villaeuropahotel.it\/wp-content\/uploads\/2019\/08\/IMG_8614_5_6_7_8pm-683x1024.jpg)\"><\/div><div class=\"w-ibanner-content\"><div class=\"w-ibanner-content-h\"><h5 class=\"w-ibanner-title\">Panorama-Zimmer &amp; Suiten<\/h5><div class=\"w-ibanner-desc\"><\/div><\/div><\/div><\/div><\/div><div class=\"w-ibanner animation_phorcys ratio_1x1 easing_ease\"><a title=\"Panorama-Hotel\" href=\"https:\/\/villaeuropahotel.it\/de\/panorama-hotel\/\" aria-label=\"Seeblick\"><\/a><div class=\"w-ibanner-h\"><div class=\"w-ibanner-image\" style=\"background-image: url(https:\/\/villaeuropahotel.it\/wp-content\/uploads\/2018\/07\/IMG_7669-1024x683.jpg)\"><\/div><div class=\"w-ibanner-content\"><div class=\"w-ibanner-content-h\"><h5 class=\"w-ibanner-title\">Seeblick<\/h5><div class=\"w-ibanner-desc\"><\/div><\/div><\/div><\/div><\/div><div class=\"w-ibanner animation_phorcys ratio_1x1 easing_ease\"><a href=\"https:\/\/villaeuropahotel.it\/de\/ausfluege\/\" aria-label=\"Ausfl\u00fcge\"><\/a><div class=\"w-ibanner-h\"><div class=\"w-ibanner-image\" style=\"background-image: url(https:\/\/villaeuropahotel.it\/wp-content\/uploads\/2024\/03\/foto-escursione-1024x771.jpg)\"><\/div><div class=\"w-ibanner-content\"><div class=\"w-ibanner-content-h\"><h5 class=\"w-ibanner-title\">Ausfl\u00fcge<\/h5><div class=\"w-ibanner-desc\"><\/div><\/div><\/div><\/div><\/div><\/div><\/div><\/div><\/div><\/div><\/div><\/div><\/section><section class=\"l-section wpb_row hide_on_mobiles height_auto\"><div class=\"l-section-h i-cf\"><div class=\"g-cols vc_row via_flex valign_top type_boxes stacking_default\" style=\"--additional-gap:10px;\"><div class=\"vc_col-sm-12 wpb_column vc_column_container\"><div class=\"vc_column-inner\"><div class=\"wpb_wrapper\"><div class=\"w-hwrapper valign_middle align_center\"><div class=\"w-image us_custom_10625000 align_right\"><a href=\"https:\/\/villaeuropahotel.it\/de\/geschenkgutscheine\/\" aria-label=\"Group 12\" class=\"w-image-h\"><img decoding=\"async\" width=\"380\" height=\"380\" src=\"https:\/\/villaeuropahotel.it\/wp-content\/uploads\/2025\/05\/Group-12.png\" class=\"attachment-large size-large\" alt=\"\" loading=\"lazy\" srcset=\"https:\/\/villaeuropahotel.it\/wp-content\/uploads\/2025\/05\/Group-12.png 380w, https:\/\/villaeuropahotel.it\/wp-content\/uploads\/2025\/05\/Group-12-300x300.png 300w, https:\/\/villaeuropahotel.it\/wp-content\/uploads\/2025\/05\/Group-12-150x150.png 150w, https:\/\/villaeuropahotel.it\/wp-content\/uploads\/2025\/05\/Group-12-350x350.png 350w\" sizes=\"auto, (max-width: 380px) 100vw, 380px\" \/><\/a><\/div><h1 class=\"w-text us_custom_47680785\"><span class=\"w-text-h\"><span class=\"w-text-value\">Fordern Sie Ihren Geschenkgutschein an<\/span><\/span><\/h1><\/div><\/div><\/div><\/div><\/div><\/div><\/section><section class=\"l-section wpb_row hide_on_default hide_on_laptops hide_on_tablets height_auto\"><div class=\"l-section-h i-cf\"><div class=\"g-cols vc_row via_flex valign_top type_boxes stacking_default\" style=\"--additional-gap:10px;\"><div class=\"vc_col-sm-12 wpb_column vc_column_container\"><div class=\"vc_column-inner\"><div class=\"wpb_wrapper\"><div class=\"w-image us_custom_2f8e9274 align_center\"><a href=\"https:\/\/villaeuropahotel.it\/de\/geschenkgutscheine\/\" aria-label=\"Group 12\" class=\"w-image-h\"><img decoding=\"async\" width=\"300\" height=\"300\" src=\"https:\/\/villaeuropahotel.it\/wp-content\/uploads\/2025\/05\/Group-12-300x300.png\" class=\"attachment-medium size-medium\" alt=\"\" loading=\"lazy\" srcset=\"https:\/\/villaeuropahotel.it\/wp-content\/uploads\/2025\/05\/Group-12-300x300.png 300w, https:\/\/villaeuropahotel.it\/wp-content\/uploads\/2025\/05\/Group-12-150x150.png 150w, https:\/\/villaeuropahotel.it\/wp-content\/uploads\/2025\/05\/Group-12-350x350.png 350w, https:\/\/villaeuropahotel.it\/wp-content\/uploads\/2025\/05\/Group-12.png 380w\" sizes=\"auto, (max-width: 300px) 100vw, 300px\" \/><\/a><\/div><div class=\"w-btn-wrapper align_center\"><a class=\"w-btn us-btn-style_5 us_custom_63486b51\" href=\"https:\/\/villaeuropahotel.it\/de\/geschenkgutscheine\/\"><span class=\"w-btn-label\">FORDERN SIE IHREN GESCHENKGUTSCHEIN AN<\/span><\/a><\/div><div class=\"w-separator size_huge\"><\/div><\/div><\/div><\/div><\/div><\/div><\/section>\n","protected":false},"excerpt":{"rendered":"Direkte buchung Angebote DIREKTE BUCHUNG PLUS Unn\u00f6tig woanders zu suchen&#8230; Hier finden Sie den garantiert besten Tarif! Unn\u00f6tig woanders zu suchen&#8230; Hier finden Sie den garantiert besten Tarif! Bonus bei Buchung auf der offiziellen Seite Welcome drink Reichhaltiges Fr\u00fchst\u00fccksb\u00fcffet Kleines Nachmittagsbuffet Parkpl\u00e4tze vor Ort oder \u00f6ffentlicher Parkausweis in der N\u00e4he, je nach gebuchter Zimmerkategorie Freier...","protected":false},"author":1,"featured_media":0,"parent":0,"menu_order":0,"comment_status":"closed","ping_status":"closed","template":"","meta":{"inline_featured_image":false,"footnotes":""},"class_list":["post-1524","page","type-page","status-publish","hentry"],"yoast_head":"<!-- This site is optimized with the Yoast SEO plugin v27.4 - https:\/\/yoast.com\/product\/yoast-seo-wordpress\/ -->\n<title>Villa Europa Hotel Gargnano | Angebote Villa Europa Hotel<\/title>\n<meta name=\"description\" content=\"Villa Europa Hotel Gargnano. 3 Sterne Hotel im Familienbetrieb mit Schwimmbad 500 m vom Zentrum von Gargnano gelegen und 100 Meter vom Strand entfernt.\" \/>\n<meta name=\"robots\" content=\"index, follow, max-snippet:-1, max-image-preview:large, max-video-preview:-1\" \/>\n<link rel=\"canonical\" href=\"https:\/\/villaeuropahotel.it\/de\/angebote\/\" \/>\n<meta property=\"og:locale\" content=\"de_DE\" \/>\n<meta property=\"og:type\" content=\"article\" \/>\n<meta property=\"og:title\" content=\"Villa Europa Hotel Gargnano | Angebote Villa Europa Hotel\" \/>\n<meta property=\"og:description\" content=\"Villa Europa Hotel Gargnano. 3 Sterne Hotel im Familienbetrieb mit Schwimmbad 500 m vom Zentrum von Gargnano gelegen und 100 Meter vom Strand entfernt.\" \/>\n<meta property=\"og:url\" content=\"https:\/\/villaeuropahotel.it\/de\/angebote\/\" \/>\n<meta property=\"og:site_name\" content=\"Hotel Villa Europa\" \/>\n<meta property=\"article:publisher\" content=\"https:\/\/www.facebook.com\/frassinehotels\/?fref=ts\" \/>\n<meta property=\"article:modified_time\" content=\"2026-03-02T16:43:55+00:00\" \/>\n<meta name=\"twitter:card\" content=\"summary_large_image\" \/>\n<meta name=\"twitter:label1\" content=\"Gesch\u00e4tzte Lesezeit\" \/>\n\t<meta name=\"twitter:data1\" content=\"1\u00a0Minute\" \/>\n<script type=\"application\/ld+json\" class=\"yoast-schema-graph\">{\"@context\":\"https:\\\/\\\/schema.org\",\"@graph\":[{\"@type\":\"WebPage\",\"@id\":\"https:\\\/\\\/villaeuropahotel.it\\\/de\\\/angebote\\\/\",\"url\":\"https:\\\/\\\/villaeuropahotel.it\\\/de\\\/angebote\\\/\",\"name\":\"Villa Europa Hotel Gargnano | Angebote Villa Europa Hotel\",\"isPartOf\":{\"@id\":\"https:\\\/\\\/villaeuropahotel.it\\\/#website\"},\"datePublished\":\"2017-09-19T15:00:33+00:00\",\"dateModified\":\"2026-03-02T16:43:55+00:00\",\"description\":\"Villa Europa Hotel Gargnano. 3 Sterne Hotel im Familienbetrieb mit Schwimmbad 500 m vom Zentrum von Gargnano gelegen und 100 Meter vom Strand entfernt.\",\"breadcrumb\":{\"@id\":\"https:\\\/\\\/villaeuropahotel.it\\\/de\\\/angebote\\\/#breadcrumb\"},\"inLanguage\":\"de\",\"potentialAction\":[{\"@type\":\"ReadAction\",\"target\":[\"https:\\\/\\\/villaeuropahotel.it\\\/de\\\/angebote\\\/\"]}]},{\"@type\":\"BreadcrumbList\",\"@id\":\"https:\\\/\\\/villaeuropahotel.it\\\/de\\\/angebote\\\/#breadcrumb\",\"itemListElement\":[{\"@type\":\"ListItem\",\"position\":1,\"name\":\"Home\",\"item\":\"https:\\\/\\\/villaeuropahotel.it\\\/de\\\/\"},{\"@type\":\"ListItem\",\"position\":2,\"name\":\"Angebote\"}]},{\"@type\":\"WebSite\",\"@id\":\"https:\\\/\\\/villaeuropahotel.it\\\/#website\",\"url\":\"https:\\\/\\\/villaeuropahotel.it\\\/\",\"name\":\"Hotel Villa Europa\",\"description\":\"Hotel Villa Europa Gargnano\",\"publisher\":{\"@id\":\"https:\\\/\\\/villaeuropahotel.it\\\/#organization\"},\"potentialAction\":[{\"@type\":\"SearchAction\",\"target\":{\"@type\":\"EntryPoint\",\"urlTemplate\":\"https:\\\/\\\/villaeuropahotel.it\\\/?s={search_term_string}\"},\"query-input\":{\"@type\":\"PropertyValueSpecification\",\"valueRequired\":true,\"valueName\":\"search_term_string\"}}],\"inLanguage\":\"de\"},{\"@type\":\"Organization\",\"@id\":\"https:\\\/\\\/villaeuropahotel.it\\\/#organization\",\"name\":\"Hotel Villa Europa Gargnano\",\"url\":\"https:\\\/\\\/villaeuropahotel.it\\\/\",\"logo\":{\"@type\":\"ImageObject\",\"inLanguage\":\"de\",\"@id\":\"https:\\\/\\\/villaeuropahotel.it\\\/#\\\/schema\\\/logo\\\/image\\\/\",\"url\":\"https:\\\/\\\/villaeuropahotel.it\\\/wp-content\\\/uploads\\\/2017\\\/05\\\/logovillaeuropa.svg\",\"contentUrl\":\"https:\\\/\\\/villaeuropahotel.it\\\/wp-content\\\/uploads\\\/2017\\\/05\\\/logovillaeuropa.svg\",\"width\":400,\"height\":99,\"caption\":\"Hotel Villa Europa Gargnano\"},\"image\":{\"@id\":\"https:\\\/\\\/villaeuropahotel.it\\\/#\\\/schema\\\/logo\\\/image\\\/\"},\"sameAs\":[\"https:\\\/\\\/www.facebook.com\\\/frassinehotels\\\/?fref=ts\",\"https:\\\/\\\/www.instagram.com\\\/explore\\\/locations\\\/364848774\\\/hotel-villa-europa-resort-fondo-la-campagnola\\\/\",\"https:\\\/\\\/www.youtube.com\\\/watch?v=Hx3xOh1_JSY\"]}]}<\/script>\n<!-- \/ Yoast SEO plugin. -->","yoast_head_json":{"title":"Villa Europa Hotel Gargnano | Angebote Villa Europa Hotel","description":"Villa Europa Hotel Gargnano. 3 Sterne Hotel im Familienbetrieb mit Schwimmbad 500 m vom Zentrum von Gargnano gelegen und 100 Meter vom Strand entfernt.","robots":{"index":"index","follow":"follow","max-snippet":"max-snippet:-1","max-image-preview":"max-image-preview:large","max-video-preview":"max-video-preview:-1"},"canonical":"https:\/\/villaeuropahotel.it\/de\/angebote\/","og_locale":"de_DE","og_type":"article","og_title":"Villa Europa Hotel Gargnano | Angebote Villa Europa Hotel","og_description":"Villa Europa Hotel Gargnano. 3 Sterne Hotel im Familienbetrieb mit Schwimmbad 500 m vom Zentrum von Gargnano gelegen und 100 Meter vom Strand entfernt.","og_url":"https:\/\/villaeuropahotel.it\/de\/angebote\/","og_site_name":"Hotel Villa Europa","article_publisher":"https:\/\/www.facebook.com\/frassinehotels\/?fref=ts","article_modified_time":"2026-03-02T16:43:55+00:00","twitter_card":"summary_large_image","twitter_misc":{"Gesch\u00e4tzte Lesezeit":"1\u00a0Minute"},"schema":{"@context":"https:\/\/schema.org","@graph":[{"@type":"WebPage","@id":"https:\/\/villaeuropahotel.it\/de\/angebote\/","url":"https:\/\/villaeuropahotel.it\/de\/angebote\/","name":"Villa Europa Hotel Gargnano | Angebote Villa Europa Hotel","isPartOf":{"@id":"https:\/\/villaeuropahotel.it\/#website"},"datePublished":"2017-09-19T15:00:33+00:00","dateModified":"2026-03-02T16:43:55+00:00","description":"Villa Europa Hotel Gargnano. 3 Sterne Hotel im Familienbetrieb mit Schwimmbad 500 m vom Zentrum von Gargnano gelegen und 100 Meter vom Strand entfernt.","breadcrumb":{"@id":"https:\/\/villaeuropahotel.it\/de\/angebote\/#breadcrumb"},"inLanguage":"de","potentialAction":[{"@type":"ReadAction","target":["https:\/\/villaeuropahotel.it\/de\/angebote\/"]}]},{"@type":"BreadcrumbList","@id":"https:\/\/villaeuropahotel.it\/de\/angebote\/#breadcrumb","itemListElement":[{"@type":"ListItem","position":1,"name":"Home","item":"https:\/\/villaeuropahotel.it\/de\/"},{"@type":"ListItem","position":2,"name":"Angebote"}]},{"@type":"WebSite","@id":"https:\/\/villaeuropahotel.it\/#website","url":"https:\/\/villaeuropahotel.it\/","name":"Hotel Villa Europa","description":"Hotel Villa Europa Gargnano","publisher":{"@id":"https:\/\/villaeuropahotel.it\/#organization"},"potentialAction":[{"@type":"SearchAction","target":{"@type":"EntryPoint","urlTemplate":"https:\/\/villaeuropahotel.it\/?s={search_term_string}"},"query-input":{"@type":"PropertyValueSpecification","valueRequired":true,"valueName":"search_term_string"}}],"inLanguage":"de"},{"@type":"Organization","@id":"https:\/\/villaeuropahotel.it\/#organization","name":"Hotel Villa Europa Gargnano","url":"https:\/\/villaeuropahotel.it\/","logo":{"@type":"ImageObject","inLanguage":"de","@id":"https:\/\/villaeuropahotel.it\/#\/schema\/logo\/image\/","url":"https:\/\/villaeuropahotel.it\/wp-content\/uploads\/2017\/05\/logovillaeuropa.svg","contentUrl":"https:\/\/villaeuropahotel.it\/wp-content\/uploads\/2017\/05\/logovillaeuropa.svg","width":400,"height":99,"caption":"Hotel Villa Europa Gargnano"},"image":{"@id":"https:\/\/villaeuropahotel.it\/#\/schema\/logo\/image\/"},"sameAs":["https:\/\/www.facebook.com\/frassinehotels\/?fref=ts","https:\/\/www.instagram.com\/explore\/locations\/364848774\/hotel-villa-europa-resort-fondo-la-campagnola\/","https:\/\/www.youtube.com\/watch?v=Hx3xOh1_JSY"]}]}},"_links":{"self":[{"href":"https:\/\/villaeuropahotel.it\/de\/wp-json\/wp\/v2\/pages\/1524","targetHints":{"allow":["GET"]}}],"collection":[{"href":"https:\/\/villaeuropahotel.it\/de\/wp-json\/wp\/v2\/pages"}],"about":[{"href":"https:\/\/villaeuropahotel.it\/de\/wp-json\/wp\/v2\/types\/page"}],"author":[{"embeddable":true,"href":"https:\/\/villaeuropahotel.it\/de\/wp-json\/wp\/v2\/users\/1"}],"replies":[{"embeddable":true,"href":"https:\/\/villaeuropahotel.it\/de\/wp-json\/wp\/v2\/comments?post=1524"}],"version-history":[{"count":55,"href":"https:\/\/villaeuropahotel.it\/de\/wp-json\/wp\/v2\/pages\/1524\/revisions"}],"predecessor-version":[{"id":9538,"href":"https:\/\/villaeuropahotel.it\/de\/wp-json\/wp\/v2\/pages\/1524\/revisions\/9538"}],"wp:attachment":[{"href":"https:\/\/villaeuropahotel.it\/de\/wp-json\/wp\/v2\/media?parent=1524"}],"curies":[{"name":"wp","href":"https:\/\/api.w.org\/{rel}","templated":true}]}}